{"id":171,"date":"2015-01-19T10:39:08","date_gmt":"2015-01-19T10:39:08","guid":{"rendered":"http:\/\/www.calpairot.com\/?page_id=171"},"modified":"2019-03-13T10:49:09","modified_gmt":"2019-03-13T10:49:09","slug":"avis-legal","status":"publish","type":"page","link":"https:\/\/www.calpairot.com\/es\/avis-legal\/","title":{"rendered":"Aviso Legal"},"content":{"rendered":"<p><strong>Cal Pairot<\/strong> mantiene este sitio web con el objetivo de facilitar el acceso a informaci\u00f3n corporativa y no corporativa actualizada y exacta. Trataremos de corregir los errores que se nos se\u00f1ale con la m\u00e1xima celeridad posible. Sin embargo, Cal Pairot no puede garantizar la inexistencia de errores ni que el contenido de la informaci\u00f3n se encuentre permanentemente actualizado.<\/p>\n<p>En conformidad a lo establecido en las leyes 2016\/679 (Reglamento general de protecci\u00f3n de datos) y 34\/2002 (Servicios de la Sociedad de la Informaci\u00f3n y del Comercio Electr\u00f3nico) se informa de lo siguiente:<\/p>\n<h3>Titularidad de la p\u00e1gina web<\/h3>\n<p>Dominio: <a href=\"https:\/\/www.calpairot.com\">https:\/\/www.calpairot.com<\/a><br \/>\nTitular: Cal Pairot &#8211; Joan F\u00edgols Casas<br \/>\nDirecci\u00f3n: C\/ de Sorba, s\/n &#8211; 08612 Montmajor (Bergued\u00e0 \/ Barcelona)<br \/>\nTel\u00e9fono: 93 824 61 30<br \/>\nCorreo electr\u00f3nico: <a href=\"mailto:calpairot@calpairot.com\">calpairot@calpairot.com <\/a><br \/>\nNIF: 39340425Y<\/p>\n<h3>Reproducci\u00f3n de fotograf\u00edas ajenas<\/h3>\n<p>Este portal web contiene fotograf\u00edas, algunas de las cuales no son propiedad de Cal Pairot, aunque dispone de un determinado derecho de reproducci\u00f3n. En estos casos, ser\u00e1 necesario respetar las licencias y autorizaciones de cada una de ellas, seg\u00fan se especifique.<\/p>\n<h3>Protecci\u00f3n de datos personales<\/h3>\n<p>Sin perjuicio de lo previsto en cada uno de los formularios de la p\u00e1gina web, cuando el usuario facilite sus datos de car\u00e1cter personal est\u00e1 autorizando expresamente a Cal Pairot al tratamiento automatizado de los mismos para las finalidades indicadas en los formularios.<\/p>\n<p>Cal Pairot incorporar\u00e1 los datos facilitados por el usuario en un fichero de su titularidad debidamente comunicado a la Agencia de Protecci\u00f3n de Datos. Cal Pairot no ceder\u00e1 o comunicar\u00e1 a terceros los datos recogidos sin consentimiento del usuario. El usuario podr\u00e1 ejercer sus derechos de acceso, rectificaci\u00f3n, cancelaci\u00f3n u oposici\u00f3n, comunic\u00e1ndolo por escrito a la direcci\u00f3n postal oa la de correo electr\u00f3nico de la empresa propietaria de la WEB.<\/p>\n<h3>Referencias y enlaces a webs de otras organizaciones<\/h3>\n<p>Algunas p\u00e1ginas de esta web contienen referencias o enlaces a webs de otras organizaciones. La presencia de estos enlaces tiene una finalidad informativa, no constituyendo en ning\u00fan caso una invitaci\u00f3n a la contrataci\u00f3n de productos o servicios que se ofrezcan en la p\u00e1gina web de destino. Cal Pairot no se responsabiliza ni de la exactitud ni de la actualizaci\u00f3n de estas webs externas.<\/p>\n<h3>Advertencia sobre la utilizaci\u00f3n de cookies (cookies)<\/h3>\n<p>Advertimos que esta p\u00e1gina puede utilizar cookies. El usuario tiene la opci\u00f3n de impedir la generaci\u00f3n de cookies, mediante la selecci\u00f3n de la correspondiente opci\u00f3n en su programa de navegaci\u00f3n.<\/p>\n<p>Desde Cal Pairot os informamos que nuestra p\u00e1gina web utiliza cookies (galletas) propias y de terceros para medir y analizar la navegaci\u00f3n de nuestros usuarios.<\/p>\n<p>Una cookie es un peque\u00f1o archivo de datos que algunos sitios web escriben en su unidad de disco cuando se visita. Un archivo cookie puede contener informaci\u00f3n como la identificaci\u00f3n de usuario y el sitio web lo utiliza para rastrear las p\u00e1ginas que ha visitado. La \u00fanica informaci\u00f3n personal que una cookie puede contener es la informaci\u00f3n que t\u00fa mismo le proporcionas.<\/p>\n<p>Una cookie no puede leer datos de tu unidad de disco, ni puede ser ejecutada como un c\u00f3digo, ni contener virus.<\/p>\n<p>Las cookies que se instalan en el equipo desde el que accedes, a partir de nuestra web, cumplen lesfinalitats que se describen en esta p\u00e1gina.<\/p>\n<p>Las apliaciones que utilizamos para obtener informaci\u00f3n de la navegaci\u00f3n, medir y analizar la audiencia y fijar datos para una sesi\u00f3n son:<\/p>\n<p><a href=\"http:\/\/www.google.com\/analytics\">Google analitics<\/a><\/p>\n<p>Control de sesi\u00f3n de <a href=\"https:\/\/es.wordpress.org\/\">WordPress<\/a><\/p>\n<p>Estas aplicaciones han sido desarrolladas por Google y el equipo del gestor de contenidos WordPress, las que nos prestan los servicios de medici\u00f3n y an\u00e1lisis de la audiencia de nuestras p\u00e1ginas y el de mantenimiento de la sesi\u00f3n de un usuario (guardar datos temporales que recuerden configuraciones de p\u00e1gina, campos de formulario rellenados &#8230;), la cual termina cuando se cierra el navegador (no se guardan datos de usuario ni personales sin el consentimiento del usuario). Asimismo, la web misma puede utilizar estos datos para mejorar sus propios servicios y para ofrecer servicios a otras empresas. Puedes conocer estos y otros usos desde los enlaces indicados.<\/p>\n<p>La informaci\u00f3n que obtenemos est\u00e1 relacionada con el n\u00famero de p\u00e1ginas visitas, el idioma, la ciudad o regi\u00f3n a la que est\u00e1 asignada la direcci\u00f3n IP desde la que accedes, el n\u00famero de nuevos usuarios, la frecuencia y reincidencia de las visitas, el tiempo de visita, el navegador y el operador o tipo de terminal desde el que se realiza la visita.<\/p>\n<p>Esta informaci\u00f3n la utilizamos para mejorar nuestras p\u00e1ginas, detectar nuevas necesidades y valorar las mejoras a introducir con el fin de prestar un mejor servicio a los usuarios que nos visitan adaptando, por ejemplo, los navegadores o terminales m\u00e1s utilizados, tanto de escritorio como m\u00f3viles.<\/p>\n<p>Para permitir, conocer, bloquear o eliminar las cookies instaladas en tu equipo puedes hacerlo mediante la configuraci\u00f3n de las opciones del navegador en su ordenador.<\/p>\n<p>Por ejemplo puedes encontrar informaci\u00f3n sobre c\u00f3mo hacerlo como hacerlo en el caso de que uses como navegador:<\/p>\n<p>Firefox en&nbsp;<a href=\"http:\/\/support.mozilla.org\/es\/kb\/habilitar-y-deshabilitar-cookies-que-los-sitios-we\">http:\/\/support.mozilla.org\/es\/kb\/habilitar-y-deshabilitar-cookies-que-los-sitios-we<\/a><br \/>\nChrome en&nbsp;<a href=\"http:\/\/support.google.com\/chrome\/bin\/answer.py?hl=es&amp;answer=95647\">http:\/\/support.google.com\/chrome\/bin\/answer py? hl = es &amp; answer = 95647<\/a><br \/>\nMicrosoft Edge en&nbsp;<a href=\"https:\/\/privacy.microsoft.com\/es-es\/windows-10-microsoft-edge-and-privacy\">https:\/\/privacy.microsoft.com\/es-es\/windows-10-microsoft-edge-and-privacy<\/a><br \/>\nSafari de <a href=\"http:\/\/support.apple.com\/kb\/ph5042\">http:\/\/support.apple.com\/kb \/ ph5042<\/a><\/p>\n<p>Para obtener m\u00e1s informaci\u00f3n sobre nuestro uso de las cookies, env\u00ede un correo electr\u00f3nico a <a href=\"mailto:projectes.i@inforber.cat\">projectes.i@inforber.cat<\/a><\/p>","protected":false},"excerpt":{"rendered":"<p>Cal Pairot mantiene este sitio web con el objetivo de facilitar el acceso a informaci\u00f3n corporativa y no corporativa actualizada y exacta. Trataremos de corregir los errores que se nos se\u00f1ale con la m\u00e1xima celeridad posible. Sin embargo, Cal Pairot no puede garantizar la inexistencia de errores ni que el contenido de la informaci\u00f3n se [&hellip;]<\/p>\n","protected":false},"author":1,"featured_media":0,"parent":0,"menu_order":0,"comment_status":"closed","ping_status":"closed","template":"","meta":{"footnotes":""},"class_list":["post-171","page","type-page","status-publish","hentry"],"aioseo_notices":[],"_links":{"self":[{"href":"https:\/\/www.calpairot.com\/es\/wp-json\/wp\/v2\/pages\/171","targetHints":{"allow":["GET"]}}],"collection":[{"href":"https:\/\/www.calpairot.com\/es\/wp-json\/wp\/v2\/pages"}],"about":[{"href":"https:\/\/www.calpairot.com\/es\/wp-json\/wp\/v2\/types\/page"}],"author":[{"embeddable":true,"href":"https:\/\/www.calpairot.com\/es\/wp-json\/wp\/v2\/users\/1"}],"replies":[{"embeddable":true,"href":"https:\/\/www.calpairot.com\/es\/wp-json\/wp\/v2\/comments?post=171"}],"version-history":[{"count":39,"href":"https:\/\/www.calpairot.com\/es\/wp-json\/wp\/v2\/pages\/171\/revisions"}],"predecessor-version":[{"id":529,"href":"https:\/\/www.calpairot.com\/es\/wp-json\/wp\/v2\/pages\/171\/revisions\/529"}],"wp:attachment":[{"href":"https:\/\/www.calpairot.com\/es\/wp-json\/wp\/v2\/media?parent=171"}],"curies":[{"name":"wp","href":"https:\/\/api.w.org\/{rel}","templated":true}]}}