{"id":221,"date":"2015-01-21T15:08:28","date_gmt":"2015-01-21T15:08:28","guid":{"rendered":"http:\/\/www.calpairot.com\/?page_id=221"},"modified":"2018-11-15T09:33:38","modified_gmt":"2018-11-15T09:33:38","slug":"descripcio-casa","status":"publish","type":"page","link":"https:\/\/www.calpairot.com\/es\/la-casa\/descripcio-casa\/","title":{"rendered":"Descripci\u00f3n casa"},"content":{"rendered":"<p><a href=\"https:\/\/www.calpairot.com\/wp-content\/uploads\/2015\/01\/la-casa-20001.jpg\"><img loading=\"lazy\" decoding=\"async\" class=\"alignnone size-large wp-image-325\" src=\"https:\/\/www.calpairot.com\/wp-content\/uploads\/2015\/01\/la-casa-20001-1024x237.jpg\" alt=\"la-casa-2000\" width=\"1024\" height=\"237\" srcset=\"https:\/\/www.calpairot.com\/wp-content\/uploads\/2015\/01\/la-casa-20001-1024x237.jpg 1024w, https:\/\/www.calpairot.com\/wp-content\/uploads\/2015\/01\/la-casa-20001-300x69.jpg 300w, https:\/\/www.calpairot.com\/wp-content\/uploads\/2015\/01\/la-casa-20001-4x1.jpg 4w\" sizes=\"auto, (max-width: 1024px) 100vw, 1024px\" \/><\/a><\/p>\n<h3><strong>CAL PAIROT<\/strong><\/h3>\n<p>C\/ de Sorba, s\/n<\/p>\n<p>Coordenadas: X 395.360 \u2013 Y 4.652.903<\/p>\n<p>08612 Montmajor (Bergued\u00e0 \/ Barcelona)<br \/>\nM\u00f3vil. 660 44 77 24<br \/>\nTel. 93 824 61 30<br \/>\nPersona contacto: MARTA COMELLAS<br \/>\nE-mail: <a href=\"mailto:calpairot@calpairot.com\">calpairot@calpairot.com<\/a><\/p>\n<hr \/>\n<p><iframe loading=\"lazy\" src=\"https:\/\/www.google.com\/maps\/embed?pb=!4v1538477372324!6m8!1m7!1sCAoSLEFGMVFpcE8wT2NoUGZwSlZfYlFNQ09HUXUtU1Q0Z1V0cHExa1ExQXZBTkNf!2m2!1d42.01933551239112!2d1.735011376440525!3f335.75681554923915!4f-3.420688192672884!5f0.7820865974627469\" width=\"100%\" height=\"450\" frameborder=\"0\" style=\"border:0\" allowfullscreen><\/iframe><br \/>\n&nbsp;<\/p>\n<h4><span style=\"text-decoration: underline;\"><strong>Caracter\u00edsticas de la casa<\/strong><\/span><\/h4>\n<p>LA CASA<br \/>\nLa casa consta de 3 plantas de 70 metros cuadrados y jardin exterior   (parcela de 450 metros cuadrados).<\/p>\n<p><strong>PLANTA BAJA (nivel de jard\u00edn)<\/strong><br \/>\nSala de estar \u2013 sala de juegos<br \/>\nVestidor \u2013 ba\u00f1o completo<\/p>\n<p><strong>PRIMERA PLANTA<\/strong><br \/>\nComedor &#8211;  sala de estar con chimenea<br \/>\nCocina<br \/>\nBa\u00f1o completo<br \/>\nHabitaci\u00f3n doble (matrimonio)<\/p>\n<p><strong>SEGUNDA PLANTA<\/strong><br \/>\nSala de estar<br \/>\nBa\u00f1o completo<br \/>\n3 habitaciones dobles (camas de matrimonio de 135 cm y posibilidad de montar cama auxiliar).<br \/>\n1 habitaci\u00f3n triple (3 camas de 90 cm.)<\/p>\n<p><strong>EXTERIORES DE LA CASA<\/strong><br \/>\nZona de juegos infantiles (tobogan, balanc\u00edn y arenal)<br \/>\nZona barbacoa (barbacoa grande, mesa y sillas)<br \/>\nP\u00e9rgola para garantizar sombra en la zona barbacoa<br \/>\nJard\u00edn alrededor de la casa<\/p>\n<p><strong>PISCINA<\/strong><br \/>\n* cubierta y climatizada en invierno (agua y ambiente)<br \/>\n* descubierta en verano<\/p>\n<p>EQUIPAMIENTO-UTENSILIOS<br \/>\nLa casa dispone de:<br \/>\n<strong>COCINA<\/strong><br \/>\nMicroondas<br \/>\nHorno<br \/>\nNevera con congelador<br \/>\nM\u00e0quina lavavajillas<br \/>\nlavadora<br \/>\nTodos los utensilios de cocina (platos, vasos, cubiertos mesa, ollas, paellas , etc.)<br \/>\nCafetera NESPRESSO, cafetera italiana<br \/>\nTostadora de pa<br \/>\nEsprimidora (zumos)<br \/>\nTrituradora (turmix)<br \/>\nServilletas de papel \/ mantel<br \/>\nPapel de cocina<br \/>\nTrapos de cocina<br \/>\nHielo<br \/>\nPastillas lavavajillas<br \/>\nJab\u00f3n para vajilla<br \/>\nEsponja-estropajo<br \/>\nbayeta<br \/>\nUtensilios de limpieza (fregona, escoba, recogedor etc.)<br \/>\nTabla de planchar y plancha de vapor.<br \/>\nPinzas para tender la ropa<\/p>\n<p><strong>BA\u00d1OS<\/strong><br \/>\nToallas de ducha  y de lavabo<br \/>\nJab\u00f3n para las manos<br \/>\nPapel de wc<\/p>\n<p><strong>HABITACIONES<\/strong><br \/>\nToda la ropa de cama:  s\u00e1banas, n\u00f3rdicos, mantas,  etc. <\/p>\n<p><strong>SALA DE ESTAR (PLANTA BAJA)<\/strong><br \/>\nNevera peque\u00f1a (para conservar alimentos de barbacoa)<br \/>\nJuegos sobremesa<br \/>\nFutbol\u00edn<\/p>\n<p><strong>CAMBIADOR- BA\u00d1O COMPLETO (PLANTA BAJA)<\/strong><br \/>\nToallas para la piscina<br \/>\nSecador de pelo<\/p>\n<p><strong>JARD\u00cdN &#8211; PISCINA<\/strong><br \/>\n8 hamacas (muy c\u00f3modas)<br \/>\nIluminaci\u00f3n jard\u00edn y  piscina autom\u00e1tica<br \/>\nPiscina amb clorador salino (agua salada) y dispositivos de limpieza autom\u00e1tica.<br \/>\nSistema de riego autom\u00e1tico para el c\u00e9sped.<\/p>\n<p><strong>BARBACOA<\/strong><br \/>\nLe\u00f1a y carb\u00f3n para barbacoa.<br \/>\nPastillas de encender fuego y cerillas.<\/p>\n<p><strong>***OBSEQUIO DE BIENVENIDA***<\/strong><\/p>\n<p>La familia FIGOLS-COMELLAS desde hace m\u00e1s de 50 a\u00f1os, nos dedicamos a la elaboraci\u00f3n de embutidos artesanos de calidad, bajo la denominaci\u00f3n comercial de CASA FIGOLS. Para que los puedan degustar, les obsequiamos con una peque\u00f1a cesta de nuestros productos. BUEN PROVECHO!!<\/p>\n<p>Lo quieres imprimir? abre este pdf donde tambi\u00e9n hay un mapa.<\/p>\n<p><a href=\"https:\/\/www.calpairot.com\/wp-content\/uploads\/2015\/01\/CAL-PAIROT-RESUM.pdf\" target=\"_blank\"><strong>PDF<\/strong><\/a><\/p>\n<p>&nbsp;<\/p>","protected":false},"excerpt":{"rendered":"<p>CAL PAIROT C\/ de Sorba, s\/n Coordenadas: X 395.360 \u2013 Y 4.652.903 08612 Montmajor (Bergued\u00e0 \/ Barcelona) M\u00f3vil. 660 44 77 24 Tel. 93 824 61 30 Persona contacto: MARTA COMELLAS E-mail: calpairot@calpairot.com &nbsp; Caracter\u00edsticas de la casa LA CASA La casa consta de 3 plantas de 70 metros cuadrados y jardin exterior (parcela de [&hellip;]<\/p>\n","protected":false},"author":1,"featured_media":0,"parent":28,"menu_order":0,"comment_status":"closed","ping_status":"closed","template":"","meta":{"footnotes":""},"class_list":["post-221","page","type-page","status-publish","hentry"],"aioseo_notices":[],"_links":{"self":[{"href":"https:\/\/www.calpairot.com\/es\/wp-json\/wp\/v2\/pages\/221","targetHints":{"allow":["GET"]}}],"collection":[{"href":"https:\/\/www.calpairot.com\/es\/wp-json\/wp\/v2\/pages"}],"about":[{"href":"https:\/\/www.calpairot.com\/es\/wp-json\/wp\/v2\/types\/page"}],"author":[{"embeddable":true,"href":"https:\/\/www.calpairot.com\/es\/wp-json\/wp\/v2\/users\/1"}],"replies":[{"embeddable":true,"href":"https:\/\/www.calpairot.com\/es\/wp-json\/wp\/v2\/comments?post=221"}],"version-history":[{"count":24,"href":"https:\/\/www.calpairot.com\/es\/wp-json\/wp\/v2\/pages\/221\/revisions"}],"predecessor-version":[{"id":522,"href":"https:\/\/www.calpairot.com\/es\/wp-json\/wp\/v2\/pages\/221\/revisions\/522"}],"up":[{"embeddable":true,"href":"https:\/\/www.calpairot.com\/es\/wp-json\/wp\/v2\/pages\/28"}],"wp:attachment":[{"href":"https:\/\/www.calpairot.com\/es\/wp-json\/wp\/v2\/media?parent=221"}],"curies":[{"name":"wp","href":"https:\/\/api.w.org\/{rel}","templated":true}]}}