{"id":232,"date":"2015-01-22T10:16:40","date_gmt":"2015-01-22T10:16:40","guid":{"rendered":"http:\/\/www.calpairot.com\/?page_id=232"},"modified":"2025-08-08T07:29:11","modified_gmt":"2025-08-08T07:29:11","slug":"preus","status":"publish","type":"page","link":"https:\/\/www.calpairot.com\/es\/reserves\/preus\/","title":{"rendered":"Precios"},"content":{"rendered":"<p>&nbsp;<\/p>\r\n<p><a href=\"https:\/\/www.calpairot.com\/wp-content\/uploads\/2015\/02\/cal-pairot-capsalera-preus.jpg\"><img loading=\"lazy\" decoding=\"async\" class=\"alignnone size-large wp-image-385\" src=\"https:\/\/www.calpairot.com\/wp-content\/uploads\/2015\/02\/cal-pairot-capsalera-preus-1024x205.jpg\" alt=\"cal-pairot-capsalera-preus\" width=\"1024\" height=\"205\" srcset=\"https:\/\/www.calpairot.com\/wp-content\/uploads\/2015\/02\/cal-pairot-capsalera-preus-1024x205.jpg 1024w, https:\/\/www.calpairot.com\/wp-content\/uploads\/2015\/02\/cal-pairot-capsalera-preus-300x60.jpg 300w, https:\/\/www.calpairot.com\/wp-content\/uploads\/2015\/02\/cal-pairot-capsalera-preus-5x1.jpg 5w, https:\/\/www.calpairot.com\/wp-content\/uploads\/2015\/02\/cal-pairot-capsalera-preus.jpg 2000w\" sizes=\"auto, (max-width: 1024px) 100vw, 1024px\" \/><\/a><\/p>\r\n<h2><strong>-Precios-<\/strong><\/h2>\r\n<p>PRECIO: 45,00 \u20ac\/PERSONA\/NOCHE\u00a0<\/p>\r\n<p>PRECIO M\u00cdNIMO FIN DE SEMANA:\u00a0 800 euros<\/p>\r\n<p>PRECIO SEMANAS JULIO Y AGOSTO:\u00a0 1950\u20ac<\/p>\r\n<p>ESTANCIA MINIMA: 2 noches (excepto JULIO y AGOSTO m\u00ednimo una semana)<\/p>\r\n<p>CAPACIDAD M\u00c1XIMA: 11 plazas + 3 camas auxiliares + 2 cunas beb\u00e9<\/p>\r\n<p>MASCOTAS: 5 EUROS\/NOCHE<\/p>\r\n<p>Puentes, Navidad, Nochevieja, Semana Santa etc. contactar con nosotros.<\/p>\r\n<p><a href=\"mailto:calpairot@calpairot.com\">calpairot@calpairot.com<\/a><\/p>\r\n<p>TELF. CONTACTO:\u00a0 660 44 77 24 &#8211; Marta<\/p>\r\n<p><strong>pol\u00edtica de cancelaci\u00f3n-\u00a0<\/strong> anulaciones anteriores a los 15 d\u00edas antes del primer d\u00eda de la estancia reservada, se devolver\u00e1 el 100% de la paga y se\u00f1al realizada. Menos de 15 d\u00edas, no se podr\u00e1 recuperar la entrega a cuenta.\u00a0<\/p>\r\n<p>&nbsp;<\/p>","protected":false},"excerpt":{"rendered":"<p>&nbsp; -Precios- PRECIO: 45,00 \u20ac\/PERSONA\/NOCHE\u00a0 PRECIO M\u00cdNIMO FIN DE SEMANA:\u00a0 800 euros PRECIO SEMANAS JULIO Y AGOSTO:\u00a0 1950\u20ac ESTANCIA MINIMA: 2 noches (excepto JULIO y AGOSTO m\u00ednimo una semana) CAPACIDAD M\u00c1XIMA: 11 plazas + 3 camas auxiliares + 2 cunas beb\u00e9 MASCOTAS: 5 EUROS\/NOCHE Puentes, Navidad, Nochevieja, Semana Santa etc. contactar con nosotros. calpairot@calpairot.com TELF. [&hellip;]<\/p>\n","protected":false},"author":1,"featured_media":0,"parent":22,"menu_order":0,"comment_status":"closed","ping_status":"closed","template":"","meta":{"footnotes":""},"class_list":["post-232","page","type-page","status-publish","hentry"],"aioseo_notices":[],"_links":{"self":[{"href":"https:\/\/www.calpairot.com\/es\/wp-json\/wp\/v2\/pages\/232","targetHints":{"allow":["GET"]}}],"collection":[{"href":"https:\/\/www.calpairot.com\/es\/wp-json\/wp\/v2\/pages"}],"about":[{"href":"https:\/\/www.calpairot.com\/es\/wp-json\/wp\/v2\/types\/page"}],"author":[{"embeddable":true,"href":"https:\/\/www.calpairot.com\/es\/wp-json\/wp\/v2\/users\/1"}],"replies":[{"embeddable":true,"href":"https:\/\/www.calpairot.com\/es\/wp-json\/wp\/v2\/comments?post=232"}],"version-history":[{"count":67,"href":"https:\/\/www.calpairot.com\/es\/wp-json\/wp\/v2\/pages\/232\/revisions"}],"predecessor-version":[{"id":5769,"href":"https:\/\/www.calpairot.com\/es\/wp-json\/wp\/v2\/pages\/232\/revisions\/5769"}],"up":[{"embeddable":true,"href":"https:\/\/www.calpairot.com\/es\/wp-json\/wp\/v2\/pages\/22"}],"wp:attachment":[{"href":"https:\/\/www.calpairot.com\/es\/wp-json\/wp\/v2\/media?parent=232"}],"curies":[{"name":"wp","href":"https:\/\/api.w.org\/{rel}","templated":true}]}}