{"id":5704,"date":"2023-11-03T10:03:56","date_gmt":"2023-11-03T10:03:56","guid":{"rendered":"https:\/\/www.calpairot.com\/?page_id=5704"},"modified":"2024-11-20T09:52:28","modified_gmt":"2024-11-20T09:52:28","slug":"accessibilitat","status":"publish","type":"page","link":"https:\/\/www.calpairot.com\/es\/accessibilitat\/","title":{"rendered":"Accesibilidad"},"content":{"rendered":"<p><\/p>\n<h2><strong><u><a href=\"https:\/\/www.calpairot.com\/wp-content\/uploads\/2023\/11\/access01.jpg\"><img loading=\"lazy\" decoding=\"async\" class=\"wp-image-5699 alignnone\" src=\"https:\/\/www.calpairot.com\/wp-content\/uploads\/2023\/11\/access01.jpg\" alt=\"\" width=\"38\" height=\"38\" srcset=\"https:\/\/www.calpairot.com\/wp-content\/uploads\/2023\/11\/access01.jpg 92w, https:\/\/www.calpairot.com\/wp-content\/uploads\/2023\/11\/access01-1x1.jpg 1w\" sizes=\"auto, (max-width: 38px) 100vw, 38px\" \/><\/a>Accesibilidad f\u00edsica<\/u><\/strong><\/h2>\n<p>No es accesible a personas en silla de ruedas, ya que la casa cuenta con m\u00e1s de un nivel y no est\u00e1 adaptada.<\/p>\n<p>La piscina cuenta con escaleras en el suelo.<\/p>\n<p>Por otras necesidades f\u00edsicas preguntar a la propiedad.<\/p>\n<h2><strong><u><a href=\"https:\/\/www.calpairot.com\/wp-content\/uploads\/2023\/11\/access02.png\"><img loading=\"lazy\" decoding=\"async\" class=\"alignnone wp-image-5700\" src=\"https:\/\/www.calpairot.com\/wp-content\/uploads\/2023\/11\/access02.png\" alt=\"\" width=\"39\" height=\"39\" srcset=\"https:\/\/www.calpairot.com\/wp-content\/uploads\/2023\/11\/access02.png 67w, https:\/\/www.calpairot.com\/wp-content\/uploads\/2023\/11\/access02-1x1.png 1w\" sizes=\"auto, (max-width: 39px) 100vw, 39px\" \/><\/a>Accesibilidad visual<\/u><\/strong><\/h2>\n<p>Perros lazarillo bienvenidos.<\/p>\n<p>TV con posibilidad de audiodescripci\u00f3n si la programaci\u00f3n lo permite.<\/p>\n<p>INSTAGRAM CAL PAIROT con descripci\u00f3n visual de las publicaciones.<\/p>\n<p>Disponemos de audio de descripci\u00f3n de la distribuci\u00f3n de la casa que puede solicitar.<\/p>\n<h2><a href=\"https:\/\/www.calpairot.com\/wp-content\/uploads\/2023\/11\/access03.png\"><img loading=\"lazy\" decoding=\"async\" class=\"alignnone wp-image-5701\" src=\"https:\/\/www.calpairot.com\/wp-content\/uploads\/2023\/11\/access03.png\" alt=\"\" width=\"37\" height=\"37\" srcset=\"https:\/\/www.calpairot.com\/wp-content\/uploads\/2023\/11\/access03.png 67w, https:\/\/www.calpairot.com\/wp-content\/uploads\/2023\/11\/access03-1x1.png 1w\" sizes=\"auto, (max-width: 37px) 100vw, 37px\" \/><\/a><strong><u>Accessibilitat auditiva<\/u><\/strong><\/h2>\n<p>TV con posibilidad de subt\u00edtulos si la programaci\u00f3n lo permite<\/p>","protected":false},"excerpt":{"rendered":"<p>Accesibilidad f\u00edsica No es accesible a personas en silla de ruedas, ya que la casa cuenta con m\u00e1s de un nivel y no est\u00e1 adaptada. La piscina cuenta con escaleras en el suelo. Por otras necesidades f\u00edsicas preguntar a la propiedad. Accesibilidad visual Perros lazarillo bienvenidos. TV con posibilidad de audiodescripci\u00f3n si la programaci\u00f3n lo [&hellip;]<\/p>\n","protected":false},"author":1,"featured_media":0,"parent":0,"menu_order":0,"comment_status":"closed","ping_status":"closed","template":"","meta":{"footnotes":""},"class_list":["post-5704","page","type-page","status-publish","hentry"],"aioseo_notices":[],"_links":{"self":[{"href":"https:\/\/www.calpairot.com\/es\/wp-json\/wp\/v2\/pages\/5704","targetHints":{"allow":["GET"]}}],"collection":[{"href":"https:\/\/www.calpairot.com\/es\/wp-json\/wp\/v2\/pages"}],"about":[{"href":"https:\/\/www.calpairot.com\/es\/wp-json\/wp\/v2\/types\/page"}],"author":[{"embeddable":true,"href":"https:\/\/www.calpairot.com\/es\/wp-json\/wp\/v2\/users\/1"}],"replies":[{"embeddable":true,"href":"https:\/\/www.calpairot.com\/es\/wp-json\/wp\/v2\/comments?post=5704"}],"version-history":[{"count":6,"href":"https:\/\/www.calpairot.com\/es\/wp-json\/wp\/v2\/pages\/5704\/revisions"}],"predecessor-version":[{"id":5746,"href":"https:\/\/www.calpairot.com\/es\/wp-json\/wp\/v2\/pages\/5704\/revisions\/5746"}],"wp:attachment":[{"href":"https:\/\/www.calpairot.com\/es\/wp-json\/wp\/v2\/media?parent=5704"}],"curies":[{"name":"wp","href":"https:\/\/api.w.org\/{rel}","templated":true}]}}