{"id":202,"date":"2015-01-21T14:17:04","date_gmt":"2015-01-21T14:17:04","guid":{"rendered":"http:\/\/www.calpairot.com\/?page_id=202"},"modified":"2024-11-20T10:06:00","modified_gmt":"2024-11-20T10:06:00","slug":"dppreads","status":"publish","type":"page","link":"https:\/\/www.calpairot.com\/fr\/la-casa\/dppreads\/","title":{"rendered":"Services"},"content":{"rendered":"<p><a href=\"https:\/\/www.calpairot.com\/wp-content\/uploads\/2015\/02\/cal-pairot-capsalera-servieis.jpg\"><img loading=\"lazy\" decoding=\"async\" src=\"https:\/\/www.calpairot.com\/wp-content\/uploads\/2015\/02\/cal-pairot-capsalera-servieis-1024x205.jpg\" alt=\"cal-pairot-capsalera-servieis\" width=\"1024\" height=\"205\" class=\"alignnone size-large wp-image-389\" srcset=\"https:\/\/www.calpairot.com\/wp-content\/uploads\/2015\/02\/cal-pairot-capsalera-servieis-1024x205.jpg 1024w, https:\/\/www.calpairot.com\/wp-content\/uploads\/2015\/02\/cal-pairot-capsalera-servieis-300x60.jpg 300w, https:\/\/www.calpairot.com\/wp-content\/uploads\/2015\/02\/cal-pairot-capsalera-servieis-5x1.jpg 5w, https:\/\/www.calpairot.com\/wp-content\/uploads\/2015\/02\/cal-pairot-capsalera-servieis.jpg 2000w\" sizes=\"auto, (max-width: 1024px) 100vw, 1024px\" \/><\/a><br \/>\n<\/p>\n<h2><strong>SERVICES<\/strong><\/h2>\n<p>&#8211; Chauffage central avec les r\u00e9gulateurs de temp\u00e9rature \u00e0 chaque \u00e9tage.<br \/>\n&#8211; 2 TV \u00e0 \u00e9cran plat et un lecteur DVD<br \/>\n&#8211; Salle de jeux avec baby-foot et jeux de table.<br \/>\n&#8211; Piscine couverte (en \u00e9t\u00e9 d\u00e9couverte )<br \/>\n&#8211; Salle de bain- changeur: pour avant et apr\u00e8s le bain.<br \/>\n&#8211; cour de r\u00e9cr\u00e9ation ext\u00e9rieure: sable, toboggan et balan\u00e7oire.<br \/>\n&#8211; Bois pour la chemin\u00e9e \u00e0 l&rsquo;int\u00e9rieur, papier hygi\u00e9nique, papier de cuisine, sacs \u00e0 ordures et les tablettes pour lave-vaisselle, etc.<br \/>\n&#8211; WIFI \u00e0 toute la maison<\/p>\n<p>&nbsp;<\/p>\n<h3><span style=\"text-decoration: underline;\"><strong>SERVICES  VILLAGE MONTMAJOR<\/strong><\/span>(400 m\u00e8tres de la maison)<\/h3>\n<p>\u2022 CHARCUTERIE-\u00c9PICERIE- SUPERMARCH\u00c9 \u00ab\u00a0CASA FIGOLS\u00a0\u00bb (du lundi au samedi de 9 \u00e0 14 i 17-20)<br \/>\n\u2022 ARTISAN four \u00e0 pain (boulangerie) \u00ab\u00a0VILAREDES\u00a0\u00bb (lundi au samedi de 9 \u00e0 13:30)<br \/>\n\u2022 BAR RESTAURANT \u00ab\u00a0LA PLACE\u00a0\u00bb (ferm\u00e9 le lundi)<br \/>\n\u2022 RESTAURANT \u00ab\u00a0Caf\u00e9 de DALT\u00a0\u00bb (ferm\u00e9 le lundi)<br \/>\n\u2022 BUREAU DE TABAC-\u00c9PICERIE \u00ab\u00a0MONTSE\u00a0\u00bb (du lundi au dimanche de 9:00 \u00e0 14:00)<br \/>\n\u2022 MUS\u00c9E DES CHAMPIGNONS (samedi et dimanche 10:00-14:00) <\/p>","protected":false},"excerpt":{"rendered":"<p>SERVICES &#8211; Chauffage central avec les r\u00e9gulateurs de temp\u00e9rature \u00e0 chaque \u00e9tage. &#8211; 2 TV \u00e0 \u00e9cran plat et un lecteur DVD &#8211; Salle de jeux avec baby-foot et jeux de table. &#8211; Piscine couverte (en \u00e9t\u00e9 d\u00e9couverte ) &#8211; Salle de bain- changeur: pour avant et apr\u00e8s le bain. &#8211; cour de r\u00e9cr\u00e9ation ext\u00e9rieure: [&hellip;]<\/p>\n","protected":false},"author":1,"featured_media":0,"parent":28,"menu_order":0,"comment_status":"closed","ping_status":"closed","template":"","meta":{"footnotes":""},"class_list":["post-202","page","type-page","status-publish","hentry"],"aioseo_notices":[],"_links":{"self":[{"href":"https:\/\/www.calpairot.com\/fr\/wp-json\/wp\/v2\/pages\/202","targetHints":{"allow":["GET"]}}],"collection":[{"href":"https:\/\/www.calpairot.com\/fr\/wp-json\/wp\/v2\/pages"}],"about":[{"href":"https:\/\/www.calpairot.com\/fr\/wp-json\/wp\/v2\/types\/page"}],"author":[{"embeddable":true,"href":"https:\/\/www.calpairot.com\/fr\/wp-json\/wp\/v2\/users\/1"}],"replies":[{"embeddable":true,"href":"https:\/\/www.calpairot.com\/fr\/wp-json\/wp\/v2\/comments?post=202"}],"version-history":[{"count":28,"href":"https:\/\/www.calpairot.com\/fr\/wp-json\/wp\/v2\/pages\/202\/revisions"}],"predecessor-version":[{"id":5750,"href":"https:\/\/www.calpairot.com\/fr\/wp-json\/wp\/v2\/pages\/202\/revisions\/5750"}],"up":[{"embeddable":true,"href":"https:\/\/www.calpairot.com\/fr\/wp-json\/wp\/v2\/pages\/28"}],"wp:attachment":[{"href":"https:\/\/www.calpairot.com\/fr\/wp-json\/wp\/v2\/media?parent=202"}],"curies":[{"name":"wp","href":"https:\/\/api.w.org\/{rel}","templated":true}]}}