{"id":28,"date":"2015-01-08T17:25:05","date_gmt":"2015-01-08T17:25:05","guid":{"rendered":"http:\/\/www.calpairot.com\/?page_id=28"},"modified":"2018-11-15T09:30:23","modified_gmt":"2018-11-15T09:30:23","slug":"la-casa","status":"publish","type":"page","link":"https:\/\/www.calpairot.com\/fr\/la-casa\/","title":{"rendered":"La casa"},"content":{"rendered":"<p><a href=\"https:\/\/www.calpairot.com\/wp-content\/uploads\/2015\/01\/la-casa-20001.jpg\"><img loading=\"lazy\" decoding=\"async\" class=\"alignnone size-large wp-image-325\" src=\"https:\/\/www.calpairot.com\/wp-content\/uploads\/2015\/01\/la-casa-20001-1024x237.jpg\" alt=\"la-casa-2000\" width=\"1024\" height=\"237\" srcset=\"https:\/\/www.calpairot.com\/wp-content\/uploads\/2015\/01\/la-casa-20001-1024x237.jpg 1024w, https:\/\/www.calpairot.com\/wp-content\/uploads\/2015\/01\/la-casa-20001-300x69.jpg 300w, https:\/\/www.calpairot.com\/wp-content\/uploads\/2015\/01\/la-casa-20001-4x1.jpg 4w\" sizes=\"auto, (max-width: 1024px) 100vw, 1024px\" \/><\/a><\/p>\n<h3><strong>CAL PAIROT<\/strong><\/h3>\n<p>C\/ de Sorba, s\/n<\/p>\n<p>coordonn\u00e9es: X 395.360 \u2013 Y 4.652.903<\/p>\n<p>08612 Montmajor (Bergued\u00e0 \/ Barcelona)<br \/>\nMobile: 660 44 77 24<br \/>\nTel. 93 824 61 30<br \/>\nPersonne de contact: MARTA COMELLAS<br \/>\nE-mail: <a href=\"mailto:calpairot@calpairot.com\">calpairot@calpairot.com<\/a><\/p>\n<hr \/>\n<p><iframe loading=\"lazy\" src=\"https:\/\/www.google.com\/maps\/embed?pb=!4v1538477372324!6m8!1m7!1sCAoSLEFGMVFpcE8wT2NoUGZwSlZfYlFNQ09HUXUtU1Q0Z1V0cHExa1ExQXZBTkNf!2m2!1d42.01933551239112!2d1.735011376440525!3f335.75681554923915!4f-3.420688192672884!5f0.7820865974627469\" width=\"100%\" height=\"450\" frameborder=\"0\" style=\"border:0\" allowfullscreen><\/iframe><br \/>\n&nbsp;<\/p>\n<h4><span style=\"text-decoration: underline;\"><strong>LA MAISON<\/strong><\/span><\/h4>\n<p>La maison a 3 \u00e9tages de 70 m\u00e8tres carr\u00e9s, et antour\u00e9e d\u00b4un jardin (pelouse). Parcelle de 450 m\u00e8tres carr\u00e9s.<\/p>\n<p><strong>REZ DE CHAUSSEE (NIVEAU JARDIN)<\/strong><br \/>\nSalon &#8211;  salle de jeux<br \/>\nDressing &#8211; Salle de bain<\/p>\n<p><strong>PREMIER \u00c9TAGE<\/strong><br \/>\nSalle \u00e0 manger &#8211; salon avec chemin\u00e9e<br \/>\ncuisine<br \/>\nsalle de bain compl\u00e8te<br \/>\nChambre double (grand lit)<\/p>\n<p><strong>DEUXI\u00c8ME \u00c9TAGE<\/strong><br \/>\nSalon<br \/>\nsalle de bain compl\u00e8te<br \/>\n3 chambres doubles (lits de 135 cm et possibilit\u00e9 de monter lit d&rsquo;appoint).<br \/>\n1 chambre triple (3 lits de 90 cm.)<\/p>\n<p><strong>EXTERIEUR DE LA MAISON<\/strong><br \/>\ncour de r\u00e9cr\u00e9ation (toboggan, balan\u00e7oire et sable)<br \/>\nEspace barbecue (grand barbecue, table et chaises)<br \/>\nporche sur le barbecue<br \/>\nJardin autour de la maison<\/p>\n<p><strong>PISCINE PRIV\u00c9E:<\/strong><br \/>\n* Couverte et chauff\u00e9e en hiver (l&rsquo;eau et environnement)<br \/>\n* en \u00e9t\u00e9 la piscine n\u00b4est pas couverte.<\/p>\n<p>\u00c9QUIPEMENT-USTENSILES<br \/>\n<strong>CUISINE<\/strong><br \/>\nfour micro-ondes<br \/>\nfour<br \/>\nr\u00e9frig\u00e9rateur<br \/>\nmachine lave-Vaisselle<br \/>\nmachine \u00e0 laver<br \/>\nTous les ustensiles de cuisine (assiettes, verres, couverts, casseroles, po\u00eales, etc.)<br \/>\ncafeti\u00e8re Nespresso (capsules), cafeti\u00e8re italienne<br \/>\nGrille-pain<br \/>\npresse-citron (jus)<br \/>\nCrusher<br \/>\nServiettes papier \/ Nappe<br \/>\ntorchons cuisine<br \/>\nTorchons (robe)<br \/>\nglace<br \/>\ntablettes lave-vaisselle<br \/>\nd\u00e9tergent (vaisselle)<br \/>\nSponge-mop<br \/>\nLes produits de nettoyage (balai, vadrouille etc.)<br \/>\nPlanche et fer \u00e0 repasser \u00e0 vapeur.<br \/>\nPinces \u00e0 linge<\/p>\n<p><strong>SALLES DE BAIN<\/strong><br \/>\nServiettes douche et lavabo<br \/>\nSavon pour les mains<br \/>\nLe papier de toilette<\/p>\n<p><strong>CHAMBRES<\/strong><br \/>\nTout le linge de lit, couettes, couvertures, etc.<\/p>\n<p><strong>SALON (rez de chauss\u00e9e)<\/strong><br \/>\nPetit r\u00e9frig\u00e9rateur (pour pr\u00e9server barbecue alimentaire)<br \/>\njeux de table<br \/>\nFoosball (football)<\/p>\n<p><strong>SALLE DE BAIN &#8211; CHANGEUR<\/strong><br \/>\nLes serviettes de piscine<br \/>\nS\u00e8che-cheveux<\/p>\n<p><strong>JARDIN &#8211; PISCINE<\/strong><br \/>\n8 hamacs (tr\u00e8s confortables)<br \/>\nEclairage de jardin et la piscine automatique<br \/>\nPiscine d&rsquo;eau sal\u00e9e. Dispositifs de nettoyage automatique.<br \/>\nSyst\u00e8me d&rsquo;irrigation automatique pour la pelouse.<\/p>\n<p><strong>BARBECUE<\/strong><br \/>\nBois de chauffage et du charbon<br \/>\nComprim\u00e9s pour allumer le feu et des allumettes.<\/p>\n<p><strong>***CADEAU DE BIENVENUE ***<\/strong><\/p>\n<p>La famille FIGOLS-COMELLAS plus de 50 ans, d\u00e9di\u00e9e a l\u00b4 \u00e9laboration de saucisses artisanales de qualit\u00e9, sous le nom commercial de CASA FIGOLS.<br \/>\nAfin vous pouvez d\u00e9guster, nous vous offrons un petit panier de nos produits. BON APP\u00c9TIT !!<\/p>\n<p>*********<\/p>\n<p>Voulez-vous imprimer ? Ici vous \u00eates un PDF avec une carte <\/p>\n<p><a href=\"https:\/\/www.calpairot.com\/wp-content\/uploads\/2015\/01\/CAL-PAIROT-RESUM.pdf\" target=\"_blank\"><strong>PDF<\/strong><\/a><\/p>\n<p>&nbsp;<\/p>","protected":false},"excerpt":{"rendered":"<p>CAL PAIROT C\/ de Sorba, s\/n coordonn\u00e9es: X 395.360 \u2013 Y 4.652.903 08612 Montmajor (Bergued\u00e0 \/ Barcelona) Mobile: 660 44 77 24 Tel. 93 824 61 30 Personne de contact: MARTA COMELLAS E-mail: calpairot@calpairot.com &nbsp; LA MAISON La maison a 3 \u00e9tages de 70 m\u00e8tres carr\u00e9s, et antour\u00e9e d\u00b4un jardin (pelouse). Parcelle de 450 m\u00e8tres [&hellip;]<\/p>\n","protected":false},"author":1,"featured_media":0,"parent":0,"menu_order":0,"comment_status":"open","ping_status":"closed","template":"","meta":{"footnotes":""},"class_list":["post-28","page","type-page","status-publish","hentry"],"aioseo_notices":[],"_links":{"self":[{"href":"https:\/\/www.calpairot.com\/fr\/wp-json\/wp\/v2\/pages\/28","targetHints":{"allow":["GET"]}}],"collection":[{"href":"https:\/\/www.calpairot.com\/fr\/wp-json\/wp\/v2\/pages"}],"about":[{"href":"https:\/\/www.calpairot.com\/fr\/wp-json\/wp\/v2\/types\/page"}],"author":[{"embeddable":true,"href":"https:\/\/www.calpairot.com\/fr\/wp-json\/wp\/v2\/users\/1"}],"replies":[{"embeddable":true,"href":"https:\/\/www.calpairot.com\/fr\/wp-json\/wp\/v2\/comments?post=28"}],"version-history":[{"count":27,"href":"https:\/\/www.calpairot.com\/fr\/wp-json\/wp\/v2\/pages\/28\/revisions"}],"predecessor-version":[{"id":519,"href":"https:\/\/www.calpairot.com\/fr\/wp-json\/wp\/v2\/pages\/28\/revisions\/519"}],"wp:attachment":[{"href":"https:\/\/www.calpairot.com\/fr\/wp-json\/wp\/v2\/media?parent=28"}],"curies":[{"name":"wp","href":"https:\/\/api.w.org\/{rel}","templated":true}]}}