{"id":60,"date":"2015-01-09T09:50:42","date_gmt":"2015-01-09T09:50:42","guid":{"rendered":"http:\/\/www.calpairot.com\/?page_id=60"},"modified":"2017-11-30T16:23:08","modified_gmt":"2017-11-30T16:23:08","slug":"contacte","status":"publish","type":"page","link":"https:\/\/www.calpairot.com\/fr\/contacte\/","title":{"rendered":"Contact"},"content":{"rendered":"<p><\/p>\n<div class=\"contact_form_holder\">\n\n<div class=\"wpcf7 no-js\" id=\"wpcf7-f441-o4\" lang=\"ca\" dir=\"ltr\" data-wpcf7-id=\"441\">\n<div class=\"screen-reader-response\"><p role=\"status\" aria-live=\"polite\" aria-atomic=\"true\"><\/p> <ul><\/ul><\/div>\n<form action=\"\/fr\/wp-json\/wp\/v2\/pages\/60#wpcf7-f441-o4\" method=\"post\" class=\"wpcf7-form init\" aria-label=\"Formulari de contacte\" novalidate=\"novalidate\" data-status=\"init\">\n<fieldset class=\"hidden-fields-container\"><input type=\"hidden\" name=\"_wpcf7\" value=\"441\" \/><input type=\"hidden\" name=\"_wpcf7_version\" value=\"6.1.5\" \/><input type=\"hidden\" name=\"_wpcf7_locale\" value=\"ca\" \/><input type=\"hidden\" name=\"_wpcf7_unit_tag\" value=\"wpcf7-f441-o4\" \/><input type=\"hidden\" name=\"_wpcf7_container_post\" value=\"0\" \/><input type=\"hidden\" name=\"_wpcf7_posted_data_hash\" value=\"\" \/><input type=\"hidden\" name=\"_wpcf7_recaptcha_response\" value=\"\" \/>\n<\/fieldset>\n<table class=\"table-form\">\n\t<tbody>\n\t\t<tr>\n\t\t<\/tr>\n\t\t<tr>\n\t\t\t<td>\n\t\t\t\t<p>Nom et pr\u00e9noms*\n\t\t\t\t<\/p>\n\t\t\t<\/td>\n\t\t\t<td>\n\t\t\t\t<p><span class=\"wpcf7-form-control-wrap\" data-name=\"your-name\"><input size=\"40\" maxlength=\"400\" class=\"wpcf7-form-control wpcf7-text wpcf7-validates-as-required requiredField\" aria-required=\"true\" aria-invalid=\"false\" value=\"\" type=\"text\" name=\"your-name\" \/><\/span>\n\t\t\t\t<\/p>\n\t\t\t<\/td>\n\t\t<\/tr>\n\t\t<tr>\n\t\t\t<td>\n\t\t\t\t<p>Email *\n\t\t\t\t<\/p>\n\t\t\t<\/td>\n\t\t\t<td>\n\t\t\t\t<p><span class=\"wpcf7-form-control-wrap\" data-name=\"your-email\"><input size=\"40\" maxlength=\"400\" class=\"wpcf7-form-control wpcf7-email wpcf7-validates-as-required wpcf7-text wpcf7-validates-as-email requiredField email\" aria-required=\"true\" aria-invalid=\"false\" value=\"\" type=\"email\" name=\"your-email\" \/><\/span>\n\t\t\t\t<\/p>\n\t\t\t<\/td>\n\t\t<\/tr>\n\t\t<tr>\n\t\t\t<td>\n\t\t\t\t<p>Object *\n\t\t\t\t<\/p>\n\t\t\t<\/td>\n\t\t\t<td>\n\t\t\t\t<p><span class=\"wpcf7-form-control-wrap\" data-name=\"your-subject\"><input size=\"40\" maxlength=\"400\" class=\"wpcf7-form-control wpcf7-text wpcf7-validates-as-required\" aria-required=\"true\" aria-invalid=\"false\" value=\"\" type=\"text\" name=\"your-subject\" \/><\/span>\n\t\t\t\t<\/p>\n\t\t\t<\/td>\n\t\t<\/tr>\n\t\t<tr>\n\t\t\t<td>\n\t\t\t\t<p>Votre message\n\t\t\t\t<\/p>\n\t\t\t<\/td>\n\t\t\t<td>\n\t\t\t\t<p><span class=\"wpcf7-form-control-wrap\" data-name=\"your-message\"><textarea cols=\"40\" rows=\"10\" maxlength=\"2000\" class=\"wpcf7-form-control wpcf7-textarea\" aria-invalid=\"false\" name=\"your-message\"><\/textarea><\/span>\n\t\t\t\t<\/p>\n\t\t\t<\/td>\n\t\t<\/tr>\n\t\t<tr>\n\t\t\t<td>\n\t\t\t\t<p>&nbsp;\n\t\t\t\t<\/p>\n\t\t\t<\/td>\n\t\t\t<td>\n\t\t\t\n\t\t\t<\/td>\n\t\t<\/tr>\n\t\t<tr>\n\t\t\t<td>\n\t\t\t\t<p>&nbsp;\n\t\t\t\t<\/p>\n\t\t\t<\/td>\n\t\t\t<td>\n\t\t\t\t<div style=\"width:40%\">\n\t\t\t\t\t<p><input class=\"wpcf7-form-control wpcf7-submit has-spinner\" type=\"submit\" value=\"Envoyer\" \/>\n\t\t\t\t\t<\/p>\n\t\t\t\t<\/div>\n\t\t\t<\/td>\n\t\t<\/tr>\n\t\t<tr>\n\t\t\t<td colspan=\"2\">\n\t\t\t\t<p><small> <\/small>\n\t\t\t\t<\/p>\n\t\t\t\t<p><br \/>\nSans pr\u00e9judice des dispositions dans chacun des formulaires sur le site, lorsque l'utilisateur facilite vos donn\u00e9es personnelles, vous autorisez express\u00e9ment Cal Pairot \u00e0 automatiser la m\u00eame chose pour les fins indiqu\u00e9es dans les formulaires et comme \u00e9tabli aux lois 2016\/679 (R\u00e9glementation g\u00e9n\u00e9rale de la protection des donn\u00e9es) et 34\/2002 (Services de la Soci\u00e9t\u00e9 de l'Information et du Commerce \u00e9lectronique).\n\t\t\t\t<\/p>\n\t\t\t\t<p><br \/>\nCal Pairot int\u00e9grera les donn\u00e9es fournies par l'utilisateur dans un fichier de sa propri\u00e9t\u00e9 d\u00fbment notifi\u00e9 \u00e0 l'Agence de protection des donn\u00e9es. Cal Pairot ne c\u00e9dera ni ne communiquera \u00e0 des tiers les donn\u00e9es collect\u00e9es sans le consentement de l'utilisateur. L'utilisateur peut exercer ses droits d'acc\u00e8s, de rectification, d'annulation ou d'opposition en le communiquant par \u00e9crit \u00e0 l'adresse postale ou \u00e0 l'adresse e-mail de la soci\u00e9t\u00e9 propri\u00e9taire du WEB.\n\t\t\t\t<\/p>\n\t\t\t<\/td>\n\t\t<\/tr>\n\t<\/tbody>\n<\/table><p style=\"display: none !important;\" class=\"akismet-fields-container\" data-prefix=\"_wpcf7_ak_\"><label>&#916;<textarea name=\"_wpcf7_ak_hp_textarea\" cols=\"45\" rows=\"8\" maxlength=\"100\"><\/textarea><\/label><input type=\"hidden\" id=\"ak_js_4\" name=\"_wpcf7_ak_js\" value=\"63\"\/><script>document.getElementById( \"ak_js_4\" ).setAttribute( \"value\", ( new Date() ).getTime() );<\/script><\/p><div class=\"wpcf7-response-output\" aria-hidden=\"true\"><\/div>\n<\/form>\n<\/div>\n\n<\/div>\n<p><\/p>","protected":false},"excerpt":{"rendered":"","protected":false},"author":1,"featured_media":0,"parent":0,"menu_order":0,"comment_status":"closed","ping_status":"closed","template":"page_contact.php","meta":{"footnotes":""},"class_list":["post-60","page","type-page","status-publish","hentry"],"aioseo_notices":[],"_links":{"self":[{"href":"https:\/\/www.calpairot.com\/fr\/wp-json\/wp\/v2\/pages\/60","targetHints":{"allow":["GET"]}}],"collection":[{"href":"https:\/\/www.calpairot.com\/fr\/wp-json\/wp\/v2\/pages"}],"about":[{"href":"https:\/\/www.calpairot.com\/fr\/wp-json\/wp\/v2\/types\/page"}],"author":[{"embeddable":true,"href":"https:\/\/www.calpairot.com\/fr\/wp-json\/wp\/v2\/users\/1"}],"replies":[{"embeddable":true,"href":"https:\/\/www.calpairot.com\/fr\/wp-json\/wp\/v2\/comments?post=60"}],"version-history":[{"count":9,"href":"https:\/\/www.calpairot.com\/fr\/wp-json\/wp\/v2\/pages\/60\/revisions"}],"predecessor-version":[{"id":465,"href":"https:\/\/www.calpairot.com\/fr\/wp-json\/wp\/v2\/pages\/60\/revisions\/465"}],"wp:attachment":[{"href":"https:\/\/www.calpairot.com\/fr\/wp-json\/wp\/v2\/media?parent=60"}],"curies":[{"name":"wp","href":"https:\/\/api.w.org\/{rel}","templated":true}]}}